{"id":564,"date":"2023-10-23T19:35:04","date_gmt":"2023-10-23T17:35:04","guid":{"rendered":"https:\/\/www.neorelax.es\/inicio\/"},"modified":"2024-12-05T12:12:58","modified_gmt":"2024-12-05T11:12:58","slug":"inicio","status":"publish","type":"page","link":"https:\/\/www.neorelax.es\/fr\/","title":{"rendered":"Massage tantrique \u00e9rotique relaxant Salou"},"content":{"rendered":"<div class=\"wp-block-group alignfull has-ast-global-color-1-background-color has-background is-layout-flow wp-block-group-is-layout-flow\"><div class=\"wp-block-media-text alignwide is-stacked-on-mobile is-vertically-aligned-center has-background\" style=\"background-color:#ddddddab;grid-template-columns:47% auto\"><figure class=\"wp-block-media-text__media\"><img loading=\"lazy\" decoding=\"async\" width=\"692\" height=\"692\" src=\"https:\/\/www.neorelax.es\/wp-content\/uploads\/2024\/12\/lunadestaca16.jpg\" alt=\"\" class=\"wp-image-424 size-full\" srcset=\"https:\/\/www.neorelax.es\/wp-content\/uploads\/2024\/12\/lunadestaca16.jpg 692w, https:\/\/www.neorelax.es\/wp-content\/uploads\/2024\/12\/lunadestaca16-300x300.jpg 300w, https:\/\/www.neorelax.es\/wp-content\/uploads\/2024\/12\/lunadestaca16-150x150.jpg 150w, https:\/\/www.neorelax.es\/wp-content\/uploads\/2024\/12\/lunadestaca16-600x600.jpg 600w, https:\/\/www.neorelax.es\/wp-content\/uploads\/2024\/12\/lunadestaca16-100x100.jpg 100w\" sizes=\"auto, (max-width: 692px) 100vw, 692px\" \/><\/figure><div class=\"wp-block-media-text__content\"><div class=\"wp-block-uagb-buttons uagb-buttons__outer-wrap uagb-btn__default-btn uagb-btn-tablet__default-btn uagb-btn-mobile__default-btn uagb-block-dcc8809a\"><div class=\"uagb-buttons__wrap uagb-buttons-layout-wrap \"><div class=\"wp-block-uagb-buttons-child uagb-buttons__outer-wrap uagb-block-f996dc1b wp-block-button\"><div class=\"uagb-button__wrapper\"><a class=\"uagb-buttons-repeater wp-block-button__link\" aria-label=\"\" href=\"https:\/\/www.neorelax.es\/masajistas\" rel=\"follow noopener\" target=\"_self\" role=\"button\"><div class=\"uagb-button__link\">Masseurs<\/div><span class=\"uagb-button__icon uagb-button__icon-position-after\"><svg xmlns=\"https:\/\/www.w3.org\/2000\/svg\" viewbox=\"0 0 448 512\" aria-hidden=\"true\" focussable=\"false\"><path d=\"M438.6 278.6l-160 160C272.4 444.9 264.2 448 256 448s-16.38-3.125-22.62-9.375c-12.5-12.5-12.5-32.75 0-45.25L338.8 288H32C14.33 288 .0016 273.7 .0016 256S14.33 224 32 224h306.8l-105.4-105.4c-12.5-12.5-12.5-32.75 0-45.25s32.75-12.5 45.25 0l160 160C451.1 245.9 451.1 266.1 438.6 278.6z\"><\/path><\/svg><\/span><\/a><\/div><\/div><\/div><\/div>\n\n<h5 class=\"wp-block-heading has-ast-global-color-8-color has-text-color has-x-large-font-size\">Je suis la Lune<\/h5>\n\n<div class=\"wp-block-group is-layout-constrained wp-block-group-is-layout-constrained\"><div class=\"wp-block-uagb-separator uagb-block-f764923e\"><div class=\"wp-block-uagb-separator__inner\" style=\"--my-background-image:\"><\/div><\/div><\/div>\n\n<h2 class=\"wp-block-heading has-ast-global-color-8-color has-text-color\">Masseur Salou<\/h2>\n\n<p>\u00ab\u00a0Bienvenue dans mon monde de d\u00e9tente et de connexion ! Je suis Luna Lago, j&rsquo;ai 34 ans et je fais des massages \u00e0 Salou ; je suis passionn\u00e9e par l&rsquo;art de la toilette masculine. Je me concentre sur l&rsquo;harmonie du corps, en offrant des exp\u00e9riences sensuelles et profond\u00e9ment th\u00e9rapeutiques. Avec des ann\u00e9es d&rsquo;exp\u00e9rience dans les massages relaxants, tantriques et \u00e9rotiques, je vous invite \u00e0 explorer un voyage de connaissance de soi, d&rsquo;autonomisation et d&rsquo;\u00e9veil de vos sens. Chaque s\u00e9ance est unique et personnalis\u00e9e pour r\u00e9pondre \u00e0 vos besoins et \u00e0 vos d\u00e9sirs. D\u00e9couvrez la paix int\u00e9rieure, l&rsquo;intimit\u00e9 et l&rsquo;\u00e9nergie renouvel\u00e9e gr\u00e2ce \u00e0 mes mains expertes.     <\/p>\n\n<h3 class=\"wp-block-heading\">Bienvenue dans le monde des soins personnels ! Salou Tantra Erotic Relax Massage <\/h3>\n\n<figure class=\"wp-block-image size-full is-resized\"><img loading=\"lazy\" decoding=\"async\" width=\"968\" height=\"396\" src=\"https:\/\/www.neorelax.es\/wp-content\/uploads\/2024\/10\/firma-luna.png\" alt=\"\" class=\"wp-image-371\" style=\"aspect-ratio:2.4444444444444446;width:276px;height:auto\" srcset=\"https:\/\/www.neorelax.es\/wp-content\/uploads\/2024\/10\/firma-luna.png 968w, https:\/\/www.neorelax.es\/wp-content\/uploads\/2024\/10\/firma-luna-300x123.png 300w, https:\/\/www.neorelax.es\/wp-content\/uploads\/2024\/10\/firma-luna-768x314.png 768w, https:\/\/www.neorelax.es\/wp-content\/uploads\/2024\/10\/firma-luna-600x245.png 600w\" sizes=\"auto, (max-width: 968px) 100vw, 968px\" \/><\/figure>\n\n<ul class=\"wp-block-social-links is-layout-flex wp-block-social-links-is-layout-flex\"><li class=\"wp-social-link wp-social-link-telegram  wp-block-social-link\"><a href=\"https:\/\/t.me\/\" class=\"wp-block-social-link-anchor\"><svg width=\"24\" height=\"24\" viewBox=\"0 0 128 128\" version=\"1.1\" xmlns=\"http:\/\/www.w3.org\/2000\/svg\" aria-hidden=\"true\" focusable=\"false\"><path d=\"M28.9700376,63.3244248 C47.6273373,55.1957357 60.0684594,49.8368063 66.2934036,47.2476366 C84.0668845,39.855031 87.7600616,38.5708563 90.1672227,38.528 C90.6966555,38.5191258 91.8804274,38.6503351 92.6472251,39.2725385 C93.294694,39.7979149 93.4728387,40.5076237 93.5580865,41.0057381 C93.6433345,41.5038525 93.7494885,42.63857 93.6651041,43.5252052 C92.7019529,53.6451182 88.5344133,78.2034783 86.4142057,89.5379542 C85.5170662,94.3339958 83.750571,95.9420841 82.0403991,96.0994568 C78.3237996,96.4414641 75.5015827,93.6432685 71.9018743,91.2836143 C66.2690414,87.5912212 63.0868492,85.2926952 57.6192095,81.6896017 C51.3004058,77.5256038 55.3966232,75.2369981 58.9976911,71.4967761 C59.9401076,70.5179421 76.3155302,55.6232293 76.6324771,54.2720454 C76.6721165,54.1030573 76.7089039,53.4731496 76.3346867,53.1405352 C75.9604695,52.8079208 75.4081573,52.921662 75.0095933,53.0121213 C74.444641,53.1403447 65.4461175,59.0880351 48.0140228,70.8551922 C45.4598218,72.6091037 43.1463059,73.4636682 41.0734751,73.4188859 C38.7883453,73.3695169 34.3926725,72.1268388 31.1249416,71.0646282 C27.1169366,69.7617838 23.931454,69.0729605 24.208838,66.8603276 C24.3533167,65.7078514 25.9403832,64.5292172 28.9700376,63.3244248 Z\" \/><\/svg><span class=\"wp-block-social-link-label screen-reader-text\">Telegram<\/span><\/a><\/li>\n\n<li class=\"wp-social-link wp-social-link-whatsapp  wp-block-social-link\"><a href=\"https:\/\/api.whatsapp.com\/send?phone=34632913846&#038;text=Hola%20Bella%20quiero%20una%20cita\" class=\"wp-block-social-link-anchor\"><svg width=\"24\" height=\"24\" viewBox=\"0 0 24 24\" version=\"1.1\" xmlns=\"http:\/\/www.w3.org\/2000\/svg\" aria-hidden=\"true\" focusable=\"false\"><path d=\"M 12.011719 2 C 6.5057187 2 2.0234844 6.478375 2.0214844 11.984375 C 2.0204844 13.744375 2.4814687 15.462563 3.3554688 16.976562 L 2 22 L 7.2324219 20.763672 C 8.6914219 21.559672 10.333859 21.977516 12.005859 21.978516 L 12.009766 21.978516 C 17.514766 21.978516 21.995047 17.499141 21.998047 11.994141 C 22.000047 9.3251406 20.962172 6.8157344 19.076172 4.9277344 C 17.190172 3.0407344 14.683719 2.001 12.011719 2 z M 12.009766 4 C 14.145766 4.001 16.153109 4.8337969 17.662109 6.3417969 C 19.171109 7.8517969 20.000047 9.8581875 19.998047 11.992188 C 19.996047 16.396187 16.413812 19.978516 12.007812 19.978516 C 10.674812 19.977516 9.3544062 19.642812 8.1914062 19.007812 L 7.5175781 18.640625 L 6.7734375 18.816406 L 4.8046875 19.28125 L 5.2851562 17.496094 L 5.5019531 16.695312 L 5.0878906 15.976562 C 4.3898906 14.768562 4.0204844 13.387375 4.0214844 11.984375 C 4.0234844 7.582375 7.6067656 4 12.009766 4 z M 8.4765625 7.375 C 8.3095625 7.375 8.0395469 7.4375 7.8105469 7.6875 C 7.5815469 7.9365 6.9355469 8.5395781 6.9355469 9.7675781 C 6.9355469 10.995578 7.8300781 12.182609 7.9550781 12.349609 C 8.0790781 12.515609 9.68175 15.115234 12.21875 16.115234 C 14.32675 16.946234 14.754891 16.782234 15.212891 16.740234 C 15.670891 16.699234 16.690438 16.137687 16.898438 15.554688 C 17.106437 14.971687 17.106922 14.470187 17.044922 14.367188 C 16.982922 14.263188 16.816406 14.201172 16.566406 14.076172 C 16.317406 13.951172 15.090328 13.348625 14.861328 13.265625 C 14.632328 13.182625 14.464828 13.140625 14.298828 13.390625 C 14.132828 13.640625 13.655766 14.201187 13.509766 14.367188 C 13.363766 14.534188 13.21875 14.556641 12.96875 14.431641 C 12.71875 14.305641 11.914938 14.041406 10.960938 13.191406 C 10.218937 12.530406 9.7182656 11.714844 9.5722656 11.464844 C 9.4272656 11.215844 9.5585938 11.079078 9.6835938 10.955078 C 9.7955938 10.843078 9.9316406 10.663578 10.056641 10.517578 C 10.180641 10.371578 10.223641 10.267562 10.306641 10.101562 C 10.389641 9.9355625 10.347156 9.7890625 10.285156 9.6640625 C 10.223156 9.5390625 9.737625 8.3065 9.515625 7.8125 C 9.328625 7.3975 9.131125 7.3878594 8.953125 7.3808594 C 8.808125 7.3748594 8.6425625 7.375 8.4765625 7.375 z\"><\/path><\/svg><span class=\"wp-block-social-link-label screen-reader-text\">WhatsApp<\/span><\/a><\/li>\n\n<li class=\"wp-social-link wp-social-link-mail  wp-block-social-link\"><a href=\"mailto:&#105;&#110;f&#111;&#064;ne&#111;rela&#120;.&#101;&#115;\" class=\"wp-block-social-link-anchor\"><svg width=\"24\" height=\"24\" viewBox=\"0 0 24 24\" version=\"1.1\" xmlns=\"http:\/\/www.w3.org\/2000\/svg\" aria-hidden=\"true\" focusable=\"false\"><path d=\"M19,5H5c-1.1,0-2,.9-2,2v10c0,1.1.9,2,2,2h14c1.1,0,2-.9,2-2V7c0-1.1-.9-2-2-2zm.5,12c0,.3-.2.5-.5.5H5c-.3,0-.5-.2-.5-.5V9.8l7.5,5.6,7.5-5.6V17zm0-9.1L12,13.6,4.5,7.9V7c0-.3.2-.5.5-.5h14c.3,0,.5.2.5.5v.9z\"><\/path><\/svg><span class=\"wp-block-social-link-label screen-reader-text\">Mail<\/span><\/a><\/li>\n\n<li class=\"wp-social-link wp-social-link-chain  wp-block-social-link\"><a rel=\"https:\/\/www.neorelax.es\/fans\/\" href=\"https:\/\/www.neorelax.es\/fans\/\" class=\"wp-block-social-link-anchor\"><svg width=\"24\" height=\"24\" viewBox=\"0 0 24 24\" version=\"1.1\" xmlns=\"http:\/\/www.w3.org\/2000\/svg\" aria-hidden=\"true\" focusable=\"false\"><path d=\"M15.6,7.2H14v1.5h1.6c2,0,3.7,1.7,3.7,3.7s-1.7,3.7-3.7,3.7H14v1.5h1.6c2.8,0,5.2-2.3,5.2-5.2,0-2.9-2.3-5.2-5.2-5.2zM4.7,12.4c0-2,1.7-3.7,3.7-3.7H10V7.2H8.4c-2.9,0-5.2,2.3-5.2,5.2,0,2.9,2.3,5.2,5.2,5.2H10v-1.5H8.4c-2,0-3.7-1.7-3.7-3.7zm4.6.9h5.3v-1.5H9.3v1.5z\"><\/path><\/svg><span class=\"wp-block-social-link-label screen-reader-text\">Link<\/span><\/a><\/li><\/ul><\/div><\/div>\n\n<div class=\"wp-block-media-text alignwide is-stacked-on-mobile is-vertically-aligned-center has-ast-global-color-7-background-color has-background\" style=\"grid-template-columns:45% auto\"><figure class=\"wp-block-media-text__media\"><img loading=\"lazy\" decoding=\"async\" width=\"4214\" height=\"2804\" src=\"https:\/\/www.neorelax.es\/wp-content\/uploads\/2023\/10\/masaje-tantrico-relajante-hombre-cuatro-manos-aceites-aromaterapia.jpg\" alt=\"\" class=\"wp-image-113 size-full\"><\/figure><div class=\"wp-block-media-text__content\"><h5 class=\"wp-block-heading has-text-color\" style=\"color:#d7d7d7\">Soins personnels et relaxation<\/h5>\n\n<h2 class=\"wp-block-heading has-text-color\" style=\"color:#ffffff\">Qu&rsquo;est-ce que c&rsquo;est vraiment et quelle est sa fonction ?<\/h2>\n\n<p class=\"has-ast-global-color-4-color has-text-color\">Chez <strong>Neo Relax<\/strong>, nous comprenons que les soins personnels sont essentiels au bien-\u00eatre et \u00e0 la confiance des hommes. Nous proposons une gamme de services, dont l&rsquo;<strong>\u00e9pilation au laser<\/strong>, id\u00e9ale pour conserver une peau lisse et sans poils. En outre, nos <strong>massages relaxants<\/strong> aident \u00e0 soulager le stress et les tensions accumul\u00e9es, offrant une exp\u00e9rience profond\u00e9ment relaxante. Ils sont compl\u00e9t\u00e9s par des traitements de <strong>drainage lymphatique<\/strong>, qui favorisent l&rsquo;\u00e9limination des toxines et am\u00e9liorent la circulation.   <\/p>\n\n<p class=\"has-ast-global-color-4-color has-text-color\">Avec des produits de haute qualit\u00e9 et des techniques personnalis\u00e9es, chaque traitement est con\u00e7u pour prendre soin de votre corps et le revitaliser. Nous vous invitons \u00e0 d\u00e9couvrir une approche holistique des soins personnels qui vous permettra de vous sentir et de para\u00eetre au mieux de votre forme &#8211; votre bien-\u00eatre est notre priorit\u00e9 chez Neo Relax !  <\/p>\n\n<div class=\"wp-block-buttons is-layout-flex wp-block-buttons-is-layout-flex\"><div class=\"wp-block-button\"><a class=\"wp-block-button__link has-ast-global-color-1-background-color has-background wp-element-button\" href=\"https:\/\/www.neorelax.es\/servicios\">Quel service souhaitez-vous ?<\/a><\/div><\/div><\/div><\/div>\n\n<p><\/p><\/div><div class=\"wp-block-comments\">\n\n\n\n\n\n<div id=\"respond\" class=\"comment-respond wp-block-post-comments-form\">\n\t\t<h3 id=\"reply-title\" class=\"comment-reply-title\">Laisser un commentaire <small><a rel=\"nofollow\" id=\"cancel-comment-reply-link\" href=\"\/fr\/wp-json\/wp\/v2\/pages\/564#respond\" style=\"display:none;\">Annuler la r\u00e9ponse<\/a><\/small><\/h3><form action=\"https:\/\/www.neorelax.es\/wp-comments-post.php\" method=\"post\" id=\"commentform\" class=\"comment-form\"><p class=\"comment-notes\"><span id=\"email-notes\">Votre adresse e-mail ne sera pas publi\u00e9e.<\/span> <span class=\"required-field-message\">Les champs obligatoires sont indiqu\u00e9s avec <span class=\"required\">*<\/span><\/span><\/p><p class=\"comment-form-comment\"><label for=\"comment\">Commentaire <span class=\"required\">*<\/span><\/label> <textarea id=\"comment\" name=\"comment\" cols=\"45\" rows=\"8\" maxlength=\"65525\" required=\"required\"><\/textarea><\/p><input name=\"wpml_language_code\" type=\"hidden\" value=\"fr\" \/><div class=\"ast-comment-formwrap ast-row\"><p class=\"comment-form-author ast-grid-common-col ast-width-lg-33 ast-width-md-4 ast-float\"><label for=\"author\" class=\"screen-reader-text\">Name*<\/label><input id=\"author\" name=\"author\" type=\"text\" value=\"\" placeholder=\"Name*\" size=\"30\" aria-required='true' \/><\/p>\n<p class=\"comment-form-email ast-grid-common-col ast-width-lg-33 ast-width-md-4 ast-float\"><label for=\"email\" class=\"screen-reader-text\">Email*<\/label><input id=\"email\" name=\"email\" type=\"text\" value=\"\" placeholder=\"Email*\" size=\"30\" aria-required='true' \/><\/p>\n<p class=\"comment-form-url ast-grid-common-col ast-width-lg-33 ast-width-md-4 ast-float\"><label for=\"url\"><label for=\"url\" class=\"screen-reader-text\">Site Internet<\/label><input id=\"url\" name=\"url\" type=\"text\" value=\"\" placeholder=\"Site Internet\" size=\"30\" \/><\/label><\/p><\/div>\n<p class=\"comment-form-cookies-consent\"><input id=\"wp-comment-cookies-consent\" name=\"wp-comment-cookies-consent\" type=\"checkbox\" value=\"yes\" \/> <label for=\"wp-comment-cookies-consent\">Enregistrer mon nom, mon e-mail et mon site dans le navigateur pour mon prochain commentaire.<\/label><\/p>\n<p class=\"form-submit\"><input name=\"submit\" type=\"submit\" id=\"submit\" class=\"submit\" value=\"Laisser un commentaire\" \/> <input type='hidden' name='comment_post_ID' value='564' id='comment_post_ID' \/>\n<input type='hidden' name='comment_parent' id='comment_parent' value='0' \/>\n<\/p><\/form>\t<\/div><!-- #respond --><\/div><div class=\"inherit-container-width wp-block-group alignfull has-background is-layout-constrained wp-block-group-is-layout-constrained\" style=\"background-color:#151515\"><div class=\"wp-block-media-text alignwide has-media-on-the-right is-stacked-on-mobile is-vertically-aligned-center\" style=\"grid-template-columns:auto 45%\"><div class=\"wp-block-media-text__content\"><h2 class=\"wp-block-heading has-text-color\" style=\"color:#ffffff\">Concepts d&rsquo;un massage tantrique<\/h2>\n\n<div style=\"height:30px\" aria-hidden=\"true\" class=\"wp-block-spacer\"><\/div>\n\n<h4 class=\"wp-block-heading has-text-color\" style=\"color:#ffffff\">L&rsquo;objectif<\/h4>\n\n<p class=\"has-text-color\" style=\"color:#e6e6e6\">Le massage Tantra est bas\u00e9 sur la c\u00e9l\u00e9bration du plaisir et de la connexion \u00e9motionnelle, et est pratiqu\u00e9 dans un environnement de respect et de communication ouverte, au-del\u00e0 de la gratification sexuelle imm\u00e9diate.<\/p>\n\n<h4 class=\"wp-block-heading has-text-color\" style=\"color:#ffffff\">L&rsquo;intention<\/h4>\n\n<p class=\"has-text-color\" style=\"color:#e6e6e6\">La personne qui touche le fait sans autre intention que de projeter son amour et son \u00e9nergie. Il n&rsquo;y a pas d&rsquo;intention dans le toucher conscient. Il n&rsquo;y a que la connexion, je touche parce que je sens que j&rsquo;ai envie de toucher.  <\/p>\n\n<h4 class=\"wp-block-heading has-text-color\" style=\"color:#ffffff\">Attitude<\/h4>\n\n<p class=\"has-text-color\" style=\"color:#e6e6e6\">Le masseur et le mass\u00e9 doivent tous deux faire preuve d&rsquo;amour et de tendresse l&rsquo;un envers l&rsquo;autre. Cela signifie que le massage ne doit pas \u00eatre ax\u00e9 uniquement sur la satisfaction sexuelle, mais sur la cr\u00e9ation d&rsquo;un lien \u00e9motionnel profond et affectueux. <\/p><\/div><figure class=\"wp-block-media-text__media\"><img loading=\"lazy\" decoding=\"async\" width=\"5616\" height=\"3744\" src=\"https:\/\/www.neorelax.es\/wp-content\/uploads\/2023\/10\/chico-guapo-disfrutando-terapia-masaje.jpg\" alt=\"\" class=\"wp-image-125 size-full\"><\/figure><\/div><\/div><div class=\"wp-block-group alignfull has-ast-global-color-1-background-color has-background is-layout-flow wp-block-group-is-layout-flow\"><h2 class=\"wp-block-heading has-text-align-center has-ast-global-color-8-color has-text-color\">Comment donner des orgasmes inoubliables et infaillibles ?<\/h2>\n\n<h5 class=\"wp-block-heading has-text-align-center has-ast-global-color-8-color has-text-color\">Voulez-vous devenir un expert pour toucher votre partenaire ? J&rsquo;ai les cours qu&rsquo;il vous faut.   <\/h5>\n\n<h5 class=\"wp-block-heading has-text-align-center has-ast-global-color-8-color has-text-color\">Des vid\u00e9os r\u00e9elles montrent comment vous devez proc\u00e9der \u00e9tape par \u00e9tape pour lui donner le plus de plaisir possible.<\/h5>\n\n<div style=\"height:20px\" aria-hidden=\"true\" class=\"wp-block-spacer\"><\/div>\n\n<div class=\"wp-block-buttons is-horizontal is-content-justification-center is-layout-flex wp-container-core-buttons-is-layout-2 wp-block-buttons-is-layout-flex\"><div class=\"wp-block-button\"><a class=\"wp-block-button__link has-white-color has-ast-global-color-8-background-color has-text-color has-background wp-element-button\" href=\"https:\/\/www.neorelax.es\/cursos\/\">Voir les cours<\/a><\/div><\/div><\/div><div class=\"wp-block-group alignfull has-text-color has-background is-layout-flow wp-block-group-is-layout-flow\" style=\"color:#161616;background-color:#161616\"><\/div>","protected":false},"excerpt":{"rendered":"<p>Je suis la Lune Masseur Salou \u00ab\u00a0Bienvenue dans mon monde de d\u00e9tente et de connexion ! Je suis Luna Lago, [&hellip;]<\/p>\n","protected":false},"author":1,"featured_media":0,"parent":0,"menu_order":0,"comment_status":"open","ping_status":"closed","template":"","meta":{"_uag_custom_page_level_css":"","site-sidebar-layout":"default","site-content-layout":"","ast-site-content-layout":"","site-content-style":"default","site-sidebar-style":"default","ast-global-header-display":"","ast-banner-title-visibility":"","ast-main-header-display":"","ast-hfb-above-header-display":"","ast-hfb-below-header-display":"","ast-hfb-mobile-header-display":"","site-post-title":"disabled","ast-breadcrumbs-content":"","ast-featured-img":"","footer-sml-layout":"","theme-transparent-header-meta":"","adv-header-id-meta":"","stick-header-meta":"","header-above-stick-meta":"","header-main-stick-meta":"","header-below-stick-meta":"","astra-migrate-meta-layouts":"","ast-page-background-enabled":"default","ast-page-background-meta":{"desktop":{"background-color":"var(--ast-global-color-4)","background-image":"","background-repeat":"repeat","background-position":"center center","background-size":"auto","background-attachment":"scroll","background-type":"","background-media":"","overlay-type":"","overlay-color":"","overlay-opacity":"","overlay-gradient":""},"tablet":{"background-color":"","background-image":"","background-repeat":"repeat","background-position":"center center","background-size":"auto","background-attachment":"scroll","background-type":"","background-media":"","overlay-type":"","overlay-color":"","overlay-opacity":"","overlay-gradient":""},"mobile":{"background-color":"","background-image":"","background-repeat":"repeat","background-position":"center center","background-size":"auto","background-attachment":"scroll","background-type":"","background-media":"","overlay-type":"","overlay-color":"","overlay-opacity":"","overlay-gradient":""}},"ast-content-background-meta":{"desktop":{"background-color":"var(--ast-global-color-5)","background-image":"","background-repeat":"repeat","background-position":"center center","background-size":"auto","background-attachment":"scroll","background-type":"","background-media":"","overlay-type":"","overlay-color":"","overlay-opacity":"","overlay-gradient":""},"tablet":{"background-color":"var(--ast-global-color-5)","background-image":"","background-repeat":"repeat","background-position":"center center","background-size":"auto","background-attachment":"scroll","background-type":"","background-media":"","overlay-type":"","overlay-color":"","overlay-opacity":"","overlay-gradient":""},"mobile":{"background-color":"var(--ast-global-color-5)","background-image":"","background-repeat":"repeat","background-position":"center center","background-size":"auto","background-attachment":"scroll","background-type":"","background-media":"","overlay-type":"","overlay-color":"","overlay-opacity":"","overlay-gradient":""}},"footnotes":""},"class_list":["post-564","page","type-page","status-publish","hentry"],"aioseo_notices":[],"uagb_featured_image_src":{"full":false,"thumbnail":false,"medium":false,"medium_large":false,"large":false,"1536x1536":false,"2048x2048":false,"woocommerce_thumbnail":false,"woocommerce_single":false,"woocommerce_gallery_thumbnail":false},"uagb_author_info":{"display_name":"Luna","author_link":"https:\/\/www.neorelax.es\/fr\/author\/bellarelax-es\/"},"uagb_comment_info":0,"uagb_excerpt":"Je suis la Lune Masseur Salou \u00ab\u00a0Bienvenue dans mon monde de d\u00e9tente et de connexion ! Je suis Luna Lago, [&hellip;]","_links":{"self":[{"href":"https:\/\/www.neorelax.es\/fr\/wp-json\/wp\/v2\/pages\/564","targetHints":{"allow":["GET"]}}],"collection":[{"href":"https:\/\/www.neorelax.es\/fr\/wp-json\/wp\/v2\/pages"}],"about":[{"href":"https:\/\/www.neorelax.es\/fr\/wp-json\/wp\/v2\/types\/page"}],"author":[{"embeddable":true,"href":"https:\/\/www.neorelax.es\/fr\/wp-json\/wp\/v2\/users\/1"}],"replies":[{"embeddable":true,"href":"https:\/\/www.neorelax.es\/fr\/wp-json\/wp\/v2\/comments?post=564"}],"version-history":[{"count":1,"href":"https:\/\/www.neorelax.es\/fr\/wp-json\/wp\/v2\/pages\/564\/revisions"}],"predecessor-version":[{"id":565,"href":"https:\/\/www.neorelax.es\/fr\/wp-json\/wp\/v2\/pages\/564\/revisions\/565"}],"wp:attachment":[{"href":"https:\/\/www.neorelax.es\/fr\/wp-json\/wp\/v2\/media?parent=564"}],"curies":[{"name":"wp","href":"https:\/\/api.w.org\/{rel}","templated":true}]}}